{"id":523,"date":"2020-09-10T09:35:09","date_gmt":"2020-09-10T09:35:09","guid":{"rendered":"https:\/\/lamanere.fr\/?page_id=523"},"modified":"2020-11-11T20:50:11","modified_gmt":"2020-11-11T19:50:11","slug":"accueil","status":"publish","type":"page","link":"https:\/\/lamanere.fr\/ca\/","title":{"rendered":"Benvingut"},"content":{"rendered":"<p class=\"qtranxs-available-languages-message qtranxs-available-languages-message-ca\">Ho sentim, aquesta entrada es troba disponible \u00fanicament en <a href=\"https:\/\/lamanere.fr\/fr\/wp-json\/wp\/v2\/pages\/523\" class=\"qtranxs-available-language-link qtranxs-available-language-link-fr\" title=\"Fran\u00e7ais\">Franc\u00e8s<\/a>.<\/p><p><\/p>\n<h2><a href=\"https:\/\/lamanere.fr\/evenements\"><i class=\"fas fa-calendar-alt\"><\/i> D\u00e9couvrez nos prochains \u00e9v\u00e8nements \u00e0 Laman\u00e8re<\/a><\/h2>\n<ul class=\"display-posts-listing\"><li class=\"listing-item\"><a class=\"title\" href=\"https:\/\/lamanere.fr\/ca\/evenement\/passage-du-medicobus-a-lamanere\/\">Passage du M\u00e9dicobus \u00e0 Laman\u00e8re<\/a><br \/><span class=\"dp-event-date\"> pr\u00e9vu le 18 maig 2026<\/span><\/li><li class=\"listing-item\"><a class=\"title\" href=\"https:\/\/lamanere.fr\/ca\/evenement\/passage-du-medicobus-a-lamanere-2\/\">Passage du M\u00e9dicobus \u00e0 Laman\u00e8re<\/a><br \/><span class=\"dp-event-date\"> pr\u00e9vu le 22 juny 2026<\/span><\/li><li class=\"listing-item\"><a class=\"title\" href=\"https:\/\/lamanere.fr\/ca\/evenement\/passage-du-medicobus-a-lamanere-5\/\">Passage du M\u00e9dicobus \u00e0 Laman\u00e8re<\/a><br \/><span class=\"dp-event-date\"> pr\u00e9vu le 27 juliol 2026<\/span><\/li><li class=\"listing-item\"><a class=\"title\" href=\"https:\/\/lamanere.fr\/ca\/evenement\/passage-du-medicobus-a-lamanere-4\/\">Passage du M\u00e9dicobus \u00e0 Laman\u00e8re<\/a><br \/><span class=\"dp-event-date\"> pr\u00e9vu le 31 agost 2026<\/span><\/li><\/ul>\n<h2><a href=\"https:\/\/lamanere.fr\/actualites\/\"><i class=\"fas fa-newspaper\"><\/i> Suivez nos actualit\u00e9s<\/a><\/h2>\n<ul class=\"display-posts-listing\"><li class=\"listing-item\"><a class=\"title\" href=\"https:\/\/lamanere.fr\/ca\/2026\/04\/07\/declaration-du-maire\/\">D\u00e9claration du Maire<\/a><br \/><span class=\"dp-post-date\"> publi\u00e9 le  <span class=\"date\">7 abril 2026<\/span><\/span><\/li><li class=\"listing-item\"><a class=\"title\" href=\"https:\/\/lamanere.fr\/ca\/2026\/03\/16\/compte-rendu-du-conseil-municipal-tenu-a-lamanere-le-mardi-10-mars-2026\/\">COMPTE RENDU DU CONSEIL MUNICIPAL tenu \u00e0 Laman\u00e8re le mardi 10 mars 2026<\/a><br \/><span class=\"dp-post-date\"> publi\u00e9 le  <span class=\"date\">16 mar? 2026<\/span><\/span><\/li><li class=\"listing-item\"><a class=\"title\" href=\"https:\/\/lamanere.fr\/ca\/2026\/02\/24\/compte-rendu-du-conseil-municipal-tenu-a-lamanere-le-jeudi-19-fevrier-2026\/\">COMPTE RENDU DU CONSEIL MUNICIPAL tenu \u00e0 Laman\u00e8re le jeudi 19 f\u00e9vrier 2026<\/a><br \/><span class=\"dp-post-date\"> publi\u00e9 le  <span class=\"date\">24 febrer 2026<\/span><\/span><\/li><li class=\"listing-item\"><a class=\"title\" href=\"https:\/\/lamanere.fr\/ca\/2026\/02\/20\/nouvelles-regles-pour-les-elections-municipales-2026\/\">Nouvelles r\u00e8gles pour les \u00e9lections municipales 2026<\/a><br \/><span class=\"dp-post-date\"> publi\u00e9 le  <span class=\"date\">20 febrer 2026<\/span><\/span><\/li><li class=\"listing-item\"><a class=\"title\" href=\"https:\/\/lamanere.fr\/ca\/2026\/01\/30\/bulletin-municipal-de-lamanere-n11-janvier-2026\/\">BULLETIN MUNICIPAL DE LAMANERE N\u00b011 JANVIER 2026<\/a><br \/><span class=\"dp-post-date\"> publi\u00e9 le  <span class=\"date\">30 gener 2026<\/span><\/span><\/li><li class=\"listing-item\"><a class=\"title\" href=\"https:\/\/lamanere.fr\/ca\/2026\/01\/07\/association-le-placot-au-coeur-point-fin-2025\/\">Association &#8220;le Pla\u00e7ot au coeur&#8221;: point fin 2025<\/a><br \/><span class=\"dp-post-date\"> publi\u00e9 le  <span class=\"date\">7 gener 2026<\/span><\/span><\/li><li class=\"listing-item\"><a class=\"title\" href=\"https:\/\/lamanere.fr\/ca\/2026\/01\/07\/voeux-2026-mairie-de-lamanere\/\">Voeux 2026 Mairie de Laman\u00e8re<\/a><br \/><span class=\"dp-post-date\"> publi\u00e9 le  <span class=\"date\">7 gener 2026<\/span><\/span><\/li><li class=\"listing-item\"><a class=\"title\" href=\"https:\/\/lamanere.fr\/ca\/2025\/12\/11\/compte-rendu-du-conseil-municipal-tenu-a-lamanere-le-vendredi-5-decembre-2025\/\">COMPTE RENDU DU CONSEIL MUNICIPAL tenu \u00e0 Laman\u00e8re le vendredi 5 d\u00e9cembre 2025<\/a><br \/><span class=\"dp-post-date\"> publi\u00e9 le  <span class=\"date\">11 desembre 2025<\/span><\/span><\/li><li class=\"listing-item\"><a class=\"title\" href=\"https:\/\/lamanere.fr\/ca\/2025\/11\/26\/4749\/\">Changement du r\u00e8glement des d\u00e9ch\u00e8teries de la CCHV<\/a><br \/><span class=\"dp-post-date\"> publi\u00e9 le  <span class=\"date\">26 novembre 2025<\/span><\/span><\/li><li class=\"listing-item\"><a class=\"title\" href=\"https:\/\/lamanere.fr\/ca\/2025\/11\/13\/projet-de-vegetalisation-de-lamanere\/\">Projet de v\u00e9g\u00e9talisation de Laman\u00e8re<\/a><br \/><span class=\"dp-post-date\"> publi\u00e9 le  <span class=\"date\">13 novembre 2025<\/span><\/span><\/li><\/ul>\n<h2><a href=\"https:\/\/lamanere.fr\/autres-informations-generales\/\"><i class=\"fas fa-newspaper\"><\/i> D\u00e9couvrez ou partagez d&#8217;autres informations sur des sujets g\u00e9n\u00e9raux<\/a><\/h2>\n\n<p style=\"text-align: left;\"><span style=\"font-size: 14pt;\"><strong><a href=\"https:\/\/www.facebook.com\/groups\/commune.lamanere\/\" target=\"_blank\" rel=\"noopener noreferrer\"><i class=\"fab fa-facebook-square\"><\/i> <\/a><\/strong><\/span><a href=\"https:\/\/www.facebook.com\/groups\/commune.lamanere\/\" target=\"_blank\" rel=\"noopener noreferrer\"><span style=\"font-size: 14pt;\"><strong>Facebook Officiel de la Commune<\/strong><\/span><\/a><\/p>\n<p><\/p>","protected":false},"excerpt":{"rendered":"<p>Ho sentim, aquesta entrada es troba disponible \u00fanicament en Franc\u00e8s. D\u00e9couvrez nos prochains \u00e9v\u00e8nements \u00e0 Laman\u00e8re Suivez nos actualit\u00e9s D\u00e9couvrez ou partagez d&#8217;autres informations sur des sujets g\u00e9n\u00e9raux Facebook Officiel de la Commune<\/p>\n","protected":false},"author":1,"featured_media":0,"parent":0,"menu_order":0,"comment_status":"closed","ping_status":"closed","template":"","meta":{"footnotes":""},"yoast_head":"<!-- This site is optimized with the Yoast SEO plugin v27.4 - https:\/\/yoast.com\/product\/yoast-seo-wordpress\/ -->\n<title>Benvingut - Laman\u00e8re - Lloc oficial del municipi<\/title>\n<meta name=\"robots\" content=\"index, follow, max-snippet:-1, max-image-preview:large, max-video-preview:-1\" \/>\n<link rel=\"canonical\" href=\"https:\/\/lamanere.fr\/\" \/>\n<meta property=\"og:locale\" content=\"ca_ES\" \/>\n<meta property=\"og:type\" content=\"article\" \/>\n<meta property=\"og:title\" content=\"[:fr]Bienvenue[:ca]Benvingut[:en]Welcome[:es]Bienvenidos[:eo]Bonvenon[:] - Laman\u00e8re - Lloc oficial del municipi\" \/>\n<meta property=\"og:description\" content=\"Ho sentim, aquesta entrada es troba disponible \u00fanicament en Franc\u00e8s. D\u00e9couvrez nos prochains \u00e9v\u00e8nements \u00e0 Laman\u00e8re Suivez nos actualit\u00e9s D\u00e9couvrez ou partagez d&#8217;autres informations sur des sujets g\u00e9n\u00e9raux Facebook Officiel de la Commune\" \/>\n<meta property=\"og:url\" content=\"https:\/\/lamanere.fr\/\" \/>\n<meta property=\"og:site_name\" content=\"Laman\u00e8re - Lloc oficial del municipi\" \/>\n<meta property=\"article:publisher\" content=\"https:\/\/www.facebook.com\/lamanere\" \/>\n<meta property=\"article:modified_time\" content=\"2020-11-11T19:50:11+00:00\" \/>\n<meta name=\"twitter:card\" content=\"summary_large_image\" \/>\n<script type=\"application\/ld+json\" class=\"yoast-schema-graph\">{\"@context\":\"https:\\\/\\\/schema.org\",\"@graph\":[{\"@type\":\"WebPage\",\"@id\":\"https:\\\/\\\/lamanere.fr\\\/\",\"url\":\"https:\\\/\\\/lamanere.fr\\\/\",\"name\":\"[:fr]Bienvenue[:ca]Benvingut[:en]Welcome[:es]Bienvenidos[:eo]Bonvenon[:] - Laman\u00e8re - Lloc oficial del municipi\",\"isPartOf\":{\"@id\":\"https:\\\/\\\/lamanere.fr\\\/#website\"},\"datePublished\":\"2020-09-10T09:35:09+00:00\",\"dateModified\":\"2020-11-11T19:50:11+00:00\",\"breadcrumb\":{\"@id\":\"https:\\\/\\\/lamanere.fr\\\/#breadcrumb\"},\"inLanguage\":\"ca\",\"potentialAction\":[{\"@type\":\"ReadAction\",\"target\":[\"https:\\\/\\\/lamanere.fr\\\/\"]}]},{\"@type\":\"BreadcrumbList\",\"@id\":\"https:\\\/\\\/lamanere.fr\\\/#breadcrumb\",\"itemListElement\":[{\"@type\":\"ListItem\",\"position\":1,\"name\":\"Accueil\",\"item\":\"https:\\\/\\\/lamanere.fr\\\/\"},{\"@type\":\"ListItem\",\"position\":2,\"name\":\"Bienvenue\"}]},{\"@type\":\"WebSite\",\"@id\":\"https:\\\/\\\/lamanere.fr\\\/#website\",\"url\":\"https:\\\/\\\/lamanere.fr\\\/\",\"name\":\"Laman\u00e8re - Lloc oficial del municipi\",\"description\":\"Poble m\u00e9s al sud de la Fran\u00e7a continental\",\"publisher\":{\"@id\":\"https:\\\/\\\/lamanere.fr\\\/#organization\"},\"potentialAction\":[{\"@type\":\"SearchAction\",\"target\":{\"@type\":\"EntryPoint\",\"urlTemplate\":\"https:\\\/\\\/lamanere.fr\\\/?s={search_term_string}\"},\"query-input\":{\"@type\":\"PropertyValueSpecification\",\"valueRequired\":true,\"valueName\":\"search_term_string\"}}],\"inLanguage\":\"ca\"},{\"@type\":\"Organization\",\"@id\":\"https:\\\/\\\/lamanere.fr\\\/#organization\",\"name\":\"Commune de Laman\u00e8re\",\"url\":\"https:\\\/\\\/lamanere.fr\\\/\",\"logo\":{\"@type\":\"ImageObject\",\"inLanguage\":\"ca\",\"@id\":\"https:\\\/\\\/lamanere.fr\\\/#\\\/schema\\\/logo\\\/image\\\/\",\"url\":\"https:\\\/\\\/lamanere.fr\\\/wp-content\\\/uploads\\\/2020\\\/09\\\/logo2-149.jpg\",\"contentUrl\":\"https:\\\/\\\/lamanere.fr\\\/wp-content\\\/uploads\\\/2020\\\/09\\\/logo2-149.jpg\",\"width\":149,\"height\":146,\"caption\":\"Commune de Laman\u00e8re\"},\"image\":{\"@id\":\"https:\\\/\\\/lamanere.fr\\\/#\\\/schema\\\/logo\\\/image\\\/\"},\"sameAs\":[\"https:\\\/\\\/www.facebook.com\\\/lamanere\",\"https:\\\/\\\/fr.wikipedia.org\\\/wiki\\\/Laman\u00e8re\"]}]}<\/script>\n<!-- \/ Yoast SEO plugin. -->","yoast_head_json":{"title":"[:fr]Bienvenue[:ca]Benvingut[:en]Welcome[:es]Bienvenidos[:eo]Bonvenon[:] - Laman\u00e8re - Lloc oficial del municipi","robots":{"index":"index","follow":"follow","max-snippet":"max-snippet:-1","max-image-preview":"max-image-preview:large","max-video-preview":"max-video-preview:-1"},"canonical":"https:\/\/lamanere.fr\/","og_locale":"ca_ES","og_type":"article","og_title":"[:fr]Bienvenue[:ca]Benvingut[:en]Welcome[:es]Bienvenidos[:eo]Bonvenon[:] - Laman\u00e8re - Lloc oficial del municipi","og_description":"Ho sentim, aquesta entrada es troba disponible \u00fanicament en Franc\u00e8s. D\u00e9couvrez nos prochains \u00e9v\u00e8nements \u00e0 Laman\u00e8re Suivez nos actualit\u00e9s D\u00e9couvrez ou partagez d&#8217;autres informations sur des sujets g\u00e9n\u00e9raux Facebook Officiel de la Commune","og_url":"https:\/\/lamanere.fr\/","og_site_name":"Laman\u00e8re - Lloc oficial del municipi","article_publisher":"https:\/\/www.facebook.com\/lamanere","article_modified_time":"2020-11-11T19:50:11+00:00","twitter_card":"summary_large_image","schema":{"@context":"https:\/\/schema.org","@graph":[{"@type":"WebPage","@id":"https:\/\/lamanere.fr\/","url":"https:\/\/lamanere.fr\/","name":"[:fr]Bienvenue[:ca]Benvingut[:en]Welcome[:es]Bienvenidos[:eo]Bonvenon[:] - Laman\u00e8re - Lloc oficial del municipi","isPartOf":{"@id":"https:\/\/lamanere.fr\/#website"},"datePublished":"2020-09-10T09:35:09+00:00","dateModified":"2020-11-11T19:50:11+00:00","breadcrumb":{"@id":"https:\/\/lamanere.fr\/#breadcrumb"},"inLanguage":"ca","potentialAction":[{"@type":"ReadAction","target":["https:\/\/lamanere.fr\/"]}]},{"@type":"BreadcrumbList","@id":"https:\/\/lamanere.fr\/#breadcrumb","itemListElement":[{"@type":"ListItem","position":1,"name":"Accueil","item":"https:\/\/lamanere.fr\/"},{"@type":"ListItem","position":2,"name":"Bienvenue"}]},{"@type":"WebSite","@id":"https:\/\/lamanere.fr\/#website","url":"https:\/\/lamanere.fr\/","name":"Laman\u00e8re - Lloc oficial del municipi","description":"Poble m\u00e9s al sud de la Fran\u00e7a continental","publisher":{"@id":"https:\/\/lamanere.fr\/#organization"},"potentialAction":[{"@type":"SearchAction","target":{"@type":"EntryPoint","urlTemplate":"https:\/\/lamanere.fr\/?s={search_term_string}"},"query-input":{"@type":"PropertyValueSpecification","valueRequired":true,"valueName":"search_term_string"}}],"inLanguage":"ca"},{"@type":"Organization","@id":"https:\/\/lamanere.fr\/#organization","name":"Commune de Laman\u00e8re","url":"https:\/\/lamanere.fr\/","logo":{"@type":"ImageObject","inLanguage":"ca","@id":"https:\/\/lamanere.fr\/#\/schema\/logo\/image\/","url":"https:\/\/lamanere.fr\/wp-content\/uploads\/2020\/09\/logo2-149.jpg","contentUrl":"https:\/\/lamanere.fr\/wp-content\/uploads\/2020\/09\/logo2-149.jpg","width":149,"height":146,"caption":"Commune de Laman\u00e8re"},"image":{"@id":"https:\/\/lamanere.fr\/#\/schema\/logo\/image\/"},"sameAs":["https:\/\/www.facebook.com\/lamanere","https:\/\/fr.wikipedia.org\/wiki\/Laman\u00e8re"]}]}},"_links":{"self":[{"href":"https:\/\/lamanere.fr\/ca\/wp-json\/wp\/v2\/pages\/523"}],"collection":[{"href":"https:\/\/lamanere.fr\/ca\/wp-json\/wp\/v2\/pages"}],"about":[{"href":"https:\/\/lamanere.fr\/ca\/wp-json\/wp\/v2\/types\/page"}],"author":[{"embeddable":true,"href":"https:\/\/lamanere.fr\/ca\/wp-json\/wp\/v2\/users\/1"}],"replies":[{"embeddable":true,"href":"https:\/\/lamanere.fr\/ca\/wp-json\/wp\/v2\/comments?post=523"}],"version-history":[{"count":33,"href":"https:\/\/lamanere.fr\/ca\/wp-json\/wp\/v2\/pages\/523\/revisions"}],"predecessor-version":[{"id":1043,"href":"https:\/\/lamanere.fr\/ca\/wp-json\/wp\/v2\/pages\/523\/revisions\/1043"}],"wp:attachment":[{"href":"https:\/\/lamanere.fr\/ca\/wp-json\/wp\/v2\/media?parent=523"}],"curies":[{"name":"wp","href":"https:\/\/api.w.org\/{rel}","templated":true}]}}