{"id":980,"date":"2020-11-02T13:17:42","date_gmt":"2020-11-02T12:17:42","guid":{"rendered":"https:\/\/lamanere.fr\/petites-annonces\/ajouter-une-annonce\/"},"modified":"2020-11-02T13:17:42","modified_gmt":"2020-11-02T12:17:42","slug":"ajouter-une-annonce","status":"publish","type":"page","link":"https:\/\/lamanere.fr\/ca\/petites-annonces\/ajouter-une-annonce\/","title":{"rendered":"Ajouter une annonce"},"content":{"rendered":"\n<div class=\" awpcp-page\" id=\"classiwrapper\">\n\n    \n    <form class=\"awpcp-submit-listing-page-form\"><\/form><script>var AWPCPSubmitListingPageData = {\"sections\":{\"actions\":{\"id\":\"actions\",\"position\":0,\"state\":\"disabled\",\"template\":\"\"},\"order\":{\"id\":\"order\",\"position\":5,\"state\":\"edit\",\"template\":\"<div class=\\\"awpcp-order-submit-listing-section awpcp-submit-listing-section\\\">\\n    <h2 class=\\\"awpcp-submit-listing-section-title js-handler\\\">Category selection<span><\\\/span><\\\/h2>\\n\\n    <div class=\\\"awpcp-submit-listing-section-content\\\" data-collapsible awpcp-keep-open>\\n        <div class=\\\"awpcp-order-submit-listing-section__edit_mode\\\">\\n            <form>\\n                <input type=\\\"hidden\\\" name=\\\"listing_id\\\" value=\\\"\\\"\\\/>\\n                <input type=\\\"hidden\\\" name=\\\"transaction_id\\\" value=\\\"\\\"\\\/>\\n\\n                <div class=\\\"awpcp-form-spacer\\\">\\n                    <label class=\\\"awpcp-category-dropdown-label\\\" for=\\\"awpcp-category-dropdown-69e4aa2988c73\\\">Please select a category for your ad<span class=\\\"required\\\">*<\\\/span><\\\/label>\\n\\n\\n<select id=\\\"awpcp-category-dropdown-69e4aa2988c73\\\" class=\\\"awpcp-category-dropdown awpcp-dropdown required\\\" name=\\\"category\\\" data-hash=\\\"69e4aa2988c73\\\" placeholder=\\\"Select a Category\\\" style=\\\"width: 100%\\\">\\n        <option class=\\\"awpcp-dropdown-placeholder\\\">Select a Category<\\\/option>\\n    <option class=\\\"dropdownparentcategory\\\" value=\\\"96\\\">G\\u00e9n\\u00e9ral<\\\/option><\\\/select>\\n\\n\\n<script type=\\\"text\\\/javascript\\\">var categories_69e4aa2988c73 = {\\\"mode\\\":\\\"basic\\\",\\\"select2\\\":{\\\"containerCssClass\\\":\\\"awpcp-category-dropdown-selection\\\",\\\"dropdownCssClass\\\":\\\"awpcp-category-dropdown-options\\\",\\\"allowClear\\\":true,\\\"placeholder\\\":\\\"Select a Category\\\",\\\"maximumSelectionLength\\\":100},\\\"selectedCategoriesIds\\\":[],\\\"categoriesHierarchy\\\":{\\\"root\\\":[{\\\"term_id\\\":96,\\\"name\\\":\\\"G\\\\u00e9n\\\\u00e9ral\\\",\\\"slug\\\":\\\"general\\\",\\\"term_group\\\":0,\\\"term_taxonomy_id\\\":96,\\\"taxonomy\\\":\\\"awpcp_listing_category\\\",\\\"description\\\":\\\"\\\",\\\"parent\\\":0,\\\"count\\\":0,\\\"filter\\\":\\\"raw\\\",\\\"i18n_config\\\":{\\\"name\\\":{\\\"ts\\\":{\\\"fr\\\":\\\"G\\\\u00e9n\\\\u00e9ral\\\"}}}}]},\\\"paymentTerms\\\":{\\\"fee-0\\\":{\\\"numberOfCategoriesAllowed\\\":1,\\\"categories\\\":[]}},\\\"subcategoryLabel\\\":\\\"Select a Sub-category\\\"};<\\\/script>\\n                <\\\/div>\\n\\n                <div class=\\\"awpcp-form-spacer awpcp-hidden\\\">\\n                    <label for=\\\"ad-user-id\\\">Who is the owner of this ad?<span class=\\\"required\\\">*<\\\/span><\\\/label>\\n\\n<select id=\\\"ad-user-id\\\" name=\\\"user\\\" class=\\\"awpcp-user-selector\\\" data-configuration=\\\"{&quot;selected&quot;:&quot;&quot;,&quot;mode&quot;:&quot;inline&quot;,&quot;select2&quot;:[]}\\\" style=\\\"width: 100%\\\">\\n    \\n    <\\\/select>\\n                <\\\/div>\\n\\n                <div class=\\\"awpcp-form-spacer\\\">\\n                    <label>Please select the duration and features that will be available for this ad<span class=\\\"required\\\">*<\\\/span><\\\/label>\\n\\n                                                                                    \\n                    <ul class=\\\"awpcp-payment-terms-list\\\">\\n        <li class=\\\"awpcp-payment-term awpcp-clearfix\\\" data-id=\\\"fee-0\\\" data-number-of-categories-allowed=\\\"1\\\" data-categories=\\\"[]\\\">\\n        <div class=\\\"awpcp-payment-term-content\\\">\\n            <span class=\\\"awpcp-payment-term-name\\\">Free Listing<\\\/span>\\n                        <ul class=\\\"awpcp-payment-term-features\\\">\\n                                <li class=\\\"awpcp-payment-term-feature\\\"><strong>4<\\\/strong> images allowed.<\\\/li>\\n                                <li class=\\\"awpcp-payment-term-feature\\\">Up to <strong>100<\\\/strong> characters in listing's title.<\\\/li>\\n                                <li class=\\\"awpcp-payment-term-feature\\\">Up to <strong>750<\\\/strong> characters in listing's content.<\\\/li>\\n                                <li class=\\\"awpcp-payment-term-feature\\\">Up to <strong>1<\\\/strong> categories allowed.<\\\/li>\\n                            <\\\/ul>\\n        <\\\/div>\\n        <div class=\\\"awpcp-payment-term-duration-price\\\">\\n            <div class=\\\"awpcp-payment-term-duration\\\">10 Years<\\\/div>\\n                                        <label class=\\\"awpcp-payment-term-price-in-money\\\"><input type=\\\"radio\\\" name=\\\"payment_term\\\" value=\\\"fee-0-money\\\" checked data-payment-term-id=\\\"0\\\" data-payment-term-type=\\\"fee\\\" data-payment-term-mode=\\\"money\\\" data-payment-term-summary=\\\"Free Listing &ndash; 10 Years ($0.00)\\\">&nbsp;<span class=\\\"awpcp-payment-terms-list-payment-term-currency-amount\\\">$0.00<\\\/span><\\\/label>\\n                                <\\\/div>\\n        <!-- extra -->\\n    <\\\/li>\\n    <\\\/ul>\\n                                                        <\\\/div>\\n\\n                                <div class=\\\"awpcp-form-spacer awpcp-captcha\\\">\\n                    <label for=\\\"captcha\\\"><span>Enter the value of the following sum: 10 + 10<span class=\\\"required\\\">*<\\\/span><\\\/span><\\\/label><input type=\\\"hidden\\\" name=\\\"captcha-hash\\\" value=\\\"84b3948b37\\\" \\\/><input id=\\\"captcha\\\" class=\\\"awpcp-textfield inputbox required\\\" type=\\\"text\\\" name=\\\"captcha\\\" value=\\\"\\\" size=\\\"5\\\" autocomplete=\\\"off\\\"\\\/>                                    <\\\/div>\\n                \\n                <p class=\\\"form-submit\\\">\\n                    <input class=\\\"awpcp-order-submit-listing-section--continue-button button button-primary\\\" type=\\\"submit\\\" value=\\\"Continue\\\"\\\/>\\n                <\\\/p>\\n            <\\\/form>\\n        <\\\/div>\\n\\n        <div class=\\\"awpcp-order-submit-listing-section__read_mode\\\">\\n            <p class=\\\"awpcp-order-submit-listing-section--selected-categories-container\\\">\\n                Your ad will be posted on the following categories: <span class=\\\"awpcp-order-submit-listing-section--selected-categories\\\"><\\\/span>.            <\\\/p>\\n                        <div class=\\\"awpcp-payment-terms-list\\\" style=\\\"display: none\\\">\\n                <div class=\\\"awpcp-order-submit-listing-section--payment-term awpcp-payment-term awpcp-payment-term__read_only\\\"><\\\/div>\\n            <\\\/div>\\n\\n            <p class=\\\"awpcp-order-submit-listing-section--credit-plan\\\">Credit Plan: <span><\\\/span><\\\/p>\\n            <p class=\\\"awpcp-order-submit-listing-section--listing-owner\\\">Owner: <span><\\\/span><\\\/p>\\n\\n            <p class=\\\"form-submit\\\">\\n            <span class=\\\"awpcp-order-submit-listing-section--loading-message\\\">Loading ad fields<span class=\\\"awpcp-spinner\\\"><\\\/span><\\\/span>\\n                <input class=\\\"awpcp-order-submit-listing-section--change-selection-button button button-primary\\\" type=\\\"submit\\\" value=\\\"Change selection\\\"\\\/>\\n            <\\\/p>\\n        <\\\/div>\\n    <\\\/div>\\n\\n    <script type=\\\"text\\\/javascript\\\">\\n    \\\/* <![CDATA[ *\\\/\\n        window.awpcp = window.awpcp || {};\\n        window.awpcp.options = window.awpcp.options || [];\\n        window.awpcp.options.push( ['create_empty_listing_nonce', \\\"b87c11fe81\\\" ] );\\n        window.awpcp.options.push( ['update_listing_order_nonce', \\\"1a59ee26cd\\\" ] );\\n    \\\/* ]]> *\\\/\\n    <\\\/script>\\n<\\\/div>\\n\"},\"listing-dates\":{\"id\":\"listing-dates\",\"position\":10,\"state\":\"disabled\",\"template\":\"<div class=\\\"awpcp-listing-dates-submit-listing-section awpcp-submit-listing-section\\\">\\n    <h2 class=\\\"awpcp-submit-listing-section-title js-handler\\\">Dates<span><\\\/span><\\\/h2>\\n    <div class=\\\"awpcp-submit-listing-section-content\\\" data-collapsible awpcp-keep-open>\\n        <div class=\\\"awpcp-listing-dates-submit-listing-section__loading_mode\\\">\\n            Loading...        <\\\/div>\\n        <div class=\\\"awpcp-listing-dates-submit-listing-section__edit_mode\\\">\\n            <form>\\n                <p><\\\/p>\\n                            <\\\/form>\\n        <\\\/div>\\n\\n    <\\\/div>\\n<\\\/div>\\n\"},\"listing-fields\":{\"id\":\"listing-fields\",\"position\":15,\"state\":\"disabled\",\"template\":\"<div class=\\\"awpcp-listing-fields-submit-listing-section awpcp-submit-listing-section\\\">\\n    <h2 class=\\\"awpcp-submit-listing-section-title js-handler\\\">Fields<span><\\\/span><\\\/h2>\\n\\n    <div class=\\\"awpcp-submit-listing-section-content\\\" data-collapsible awpcp-keep-open>\\n        <div class=\\\"awpcp-listing-fields-submit-listing-section__loading_mode\\\">\\n            Loading...        <\\\/div>\\n        <div class=\\\"awpcp-listing-fields-submit-listing-section__edit_mode\\\">\\n            <form>\\n                <p class=\\\"awpcp-form-field awpcp-clearfix   awpcp-form-spacer awpcp-form-spacer-title\\\">\\n    <label class=\\\"awpcp-form-field__label\\\" for=\\\"ad-title\\\">Listing Title<span class=\\\"required\\\">*<\\\/span><\\\/label>\\n    <input class=\\\"awpcp-textfield awpcp-has-value inputbox\\\" id=\\\"ad-title\\\" type=\\\"text\\\" size=\\\"50\\\" name=\\\"ad_title\\\" value=\\\"\\\" required data-max-characters=\\\"0\\\" data-remaining-characters=\\\"0\\\"\\\/>\\n    <label for=\\\"ad-title\\\" class=\\\"characters-left\\\"><span class=\\\"characters-left-placeholder\\\"><\\\/span>Unlimited characters<\\\/label>\\n    <\\\/p>\\n\\n<p class=\\\"awpcp-form-field awpcp-clearfix   awpcp-form-spacer\\\">\\n        <label class=\\\"awpcp-form-field__label\\\" for=\\\"websiteurl\\\">Website URL<\\\/label>\\n    <input class=\\\"awpcp-textfield awpcp-has-value inputbox classifiedsurl\\\" id=\\\"websiteurl\\\" type=\\\"text\\\" size=\\\"50\\\" name=\\\"websiteurl\\\" value=\\\"\\\" \\\/>\\n    <\\\/p>\\n\\n<p class=\\\"awpcp-form-field awpcp-clearfix   awpcp-form-spacer\\\">\\n    <label class=\\\"awpcp-form-field__label\\\" for=\\\"ad-contact-name\\\">Contact Name<span class=\\\"required\\\">*<\\\/span><\\\/label>\\n    <input class=\\\"awpcp-textfield awpcp-has-value inputbox\\\" id=\\\"ad-contact-name\\\"  type=\\\"text\\\" size=\\\"50\\\" name=\\\"ad_contact_name\\\" value=\\\"\\\" required\\\/>\\n    <\\\/p>\\n\\n<p class=\\\"awpcp-form-field awpcp-clearfix   awpcp-form-spacer\\\">\\n    <label class=\\\"awpcp-form-field__label\\\" for=\\\"ad-contact-email\\\">Contact Email<span class=\\\"required\\\">*<\\\/span><\\\/label>\\n    <input class=\\\"awpcp-textfield awpcp-has-value inputbox\\\" id=\\\"ad-contact-email\\\"  type=\\\"email\\\" size=\\\"50\\\" name=\\\"ad_contact_email\\\" value=\\\"\\\" required\\\/>\\n        <label class=\\\"helptext\\\" for=\\\"ad-contact-email\\\">The access codes needed to edit your listing will be sent to this email address.<\\\/label>\\n        <\\\/p>\\n\\n<p class=\\\"awpcp-form-field awpcp-clearfix   awpcp-form-spacer\\\">\\n    <label class=\\\"awpcp-form-field__label\\\" for=\\\"ad-contact-phone\\\">\\n        Contact Phone Number            <\\\/label>\\n    <input class=\\\"awpcp-textfield awpcp-has-value inputbox \\\" id=\\\"ad-contact-phone\\\"  type=\\\"text\\\" size=\\\"50\\\" name=\\\"ad_contact_phone\\\" value=\\\"\\\" \\\/>\\n    <\\\/p>\\n\\n<div class=\\\"awpcp-price-form-field awpcp-form-field awpcp-clearfix awpcp-form-spacer\\\">\\n    <label class=\\\"awpcp-form-field__label\\\" for=\\\"ad-item-price\\\">\\n        Item Price            <\\\/label>\\n        <label class=\\\"awpcp-price-form-field__currency-symbol-container --currency-symbol-on-left\\\"><span class=\\\"awpcp-price-form-field-curency-symbol awpcp-price-form-field-curency-symbol-on-left\\\">$<\\\/span><input class=\\\"awpcp-textfield awpcp-price-textfield awpcp-has-value inputbox money\\\" id=\\\"ad-item-price\\\"  type=\\\"text\\\" size=\\\"50\\\" name=\\\"ad_item_price\\\" value=\\\"0.00\\\" \\\/><\\\/label>\\n        <\\\/div>\\n\\n<p class=\\\"awpcp-form-field awpcp-clearfix awpcp-form-spacer\\\">\\n    <label class=\\\"awpcp-form-field__label\\\" for=\\\"ad-details\\\">Ad Details<span class=\\\"required\\\">*<\\\/span><\\\/label>\\n            <label for=\\\"ad-details\\\" class=\\\"helptext\\\">No HTML Allowed<\\\/label>\\n        <textarea id=\\\"ad-details\\\" class=\\\"awpcp-textarea awpcp-has-value\\\"  name=\\\"ad_details\\\" rows=\\\"10\\\" cols=\\\"50\\\" required data-max-characters=\\\"0\\\" data-remaining-characters=\\\"0\\\"><\\\/textarea>\\n    <label for=\\\"ad-details\\\" class=\\\"characters-left\\\"><span class=\\\"characters-left-placeholder\\\"><\\\/span>Unlimited characters<\\\/label>\\n<\\\/p>\\n            <\\\/form>\\n        <\\\/div>\\n\\n    <\\\/div>\\n\\n    <script type=\\\"text\\\/javascript\\\">\\n    \\\/* <![CDATA[ *\\\/\\n        window.awpcp = window.awpcp || {};\\n        window.awpcp.options = window.awpcp.options || [];\\n        window.awpcp.options.push( ['save_listing_information_nonce', \\\"629261ec90\\\" ] );\\n        window.awpcp.options.push( ['clear_listing_information_nonce', \\\"93163fcaec\\\" ] );\\n        window.awpcp.options.push( ['edit_listing_nonce', \\\"e01508a54c\\\" ] );\\n    \\\/* ]]> *\\\/\\n    <\\\/script>\\n<\\\/div>\\n\"},\"upload-media\":{\"id\":\"upload-media\",\"position\":20,\"state\":\"disabled\",\"template\":\"<div class=\\\"awpcp-upload-media-submit-listing-section awpcp-submit-listing-section\\\">\\n    <h2 class=\\\"awpcp-submit-listing-section-title js-handler\\\">Images and attachments<span><\\\/span><\\\/h2>\\n\\n    <div class=\\\"awpcp-submit-listing-section-content\\\" data-collapsible awpcp-keep-open>\\n        <div class=\\\"awpcp-upload-media-listing-section__loading_mode\\\">\\n            Loading...        <\\\/div>\\n        <div class=\\\"awpcp-upload-media-listing-section__edit_mode\\\">\\n                                <\\\/div>\\n    <\\\/div>\\n<\\\/div>\\n\"},\"save\":{\"id\":\"save\",\"position\":99,\"state\":\"disabled\",\"template\":\"<div class=\\\"awpcp-submit-listing-section-container\\\">\\n        <p class=\\\"form-submit\\\">\\n        <input class=\\\"button\\\" type=\\\"reset\\\" value=\\\"Clear form\\\"\\\/>\\n        <input class=\\\"awpcp-submit-listing-button button button-primary\\\" type=\\\"submit\\\" value=\\\"Complete Ad\\\" name=\\\"submit\\\"\\\/>\\n    <\\\/p>\\n<\\\/div>\\n\"}},\"mode\":\"create\",\"payments_enabled\":\"0\"};<\/script>\n<\/div>\n\n","protected":false},"excerpt":{"rendered":"","protected":false},"author":1,"featured_media":0,"parent":976,"menu_order":0,"comment_status":"closed","ping_status":"closed","template":"","meta":{"footnotes":""},"yoast_head":"<!-- This site is optimized with the Yoast SEO plugin v27.4 - https:\/\/yoast.com\/product\/yoast-seo-wordpress\/ -->\n<title>Ajouter une annonce - Laman\u00e8re - Lloc oficial del municipi<\/title>\n<meta name=\"robots\" content=\"index, follow, max-snippet:-1, max-image-preview:large, max-video-preview:-1\" \/>\n<link rel=\"canonical\" href=\"https:\/\/lamanere.fr\/ca\/petites-annonces\/ajouter-une-annonce\/\" \/>\n<meta property=\"og:locale\" content=\"ca_ES\" \/>\n<meta property=\"og:type\" content=\"article\" \/>\n<meta property=\"og:title\" content=\"Ajouter une annonce - Laman\u00e8re - Lloc oficial del municipi\" \/>\n<meta property=\"og:url\" content=\"https:\/\/lamanere.fr\/ca\/petites-annonces\/ajouter-une-annonce\/\" \/>\n<meta property=\"og:site_name\" content=\"Laman\u00e8re - Lloc oficial del municipi\" \/>\n<meta property=\"article:publisher\" content=\"https:\/\/www.facebook.com\/lamanere\" \/>\n<meta name=\"twitter:card\" content=\"summary_large_image\" \/>\n<script type=\"application\/ld+json\" class=\"yoast-schema-graph\">{\"@context\":\"https:\\\/\\\/schema.org\",\"@graph\":[{\"@type\":\"WebPage\",\"@id\":\"https:\\\/\\\/lamanere.fr\\\/ca\\\/petites-annonces\\\/ajouter-une-annonce\\\/\",\"url\":\"https:\\\/\\\/lamanere.fr\\\/ca\\\/petites-annonces\\\/ajouter-une-annonce\\\/\",\"name\":\"Ajouter une annonce - Laman\u00e8re - Lloc oficial del municipi\",\"isPartOf\":{\"@id\":\"https:\\\/\\\/lamanere.fr\\\/#website\"},\"datePublished\":\"2020-11-02T12:17:42+00:00\",\"breadcrumb\":{\"@id\":\"https:\\\/\\\/lamanere.fr\\\/ca\\\/petites-annonces\\\/ajouter-une-annonce\\\/#breadcrumb\"},\"inLanguage\":\"ca\",\"potentialAction\":[{\"@type\":\"ReadAction\",\"target\":[\"https:\\\/\\\/lamanere.fr\\\/ca\\\/petites-annonces\\\/ajouter-une-annonce\\\/\"]}]},{\"@type\":\"BreadcrumbList\",\"@id\":\"https:\\\/\\\/lamanere.fr\\\/ca\\\/petites-annonces\\\/ajouter-une-annonce\\\/#breadcrumb\",\"itemListElement\":[{\"@type\":\"ListItem\",\"position\":1,\"name\":\"Accueil\",\"item\":\"https:\\\/\\\/lamanere.fr\\\/\"},{\"@type\":\"ListItem\",\"position\":2,\"name\":\"Petites annonces\",\"item\":\"https:\\\/\\\/lamanere.fr\\\/ca\\\/petites-annonces\\\/\"},{\"@type\":\"ListItem\",\"position\":3,\"name\":\"Ajouter une annonce\"}]},{\"@type\":\"WebSite\",\"@id\":\"https:\\\/\\\/lamanere.fr\\\/#website\",\"url\":\"https:\\\/\\\/lamanere.fr\\\/\",\"name\":\"Laman\u00e8re - Lloc oficial del municipi\",\"description\":\"Poble m\u00e9s al sud de la Fran\u00e7a continental\",\"publisher\":{\"@id\":\"https:\\\/\\\/lamanere.fr\\\/#organization\"},\"potentialAction\":[{\"@type\":\"SearchAction\",\"target\":{\"@type\":\"EntryPoint\",\"urlTemplate\":\"https:\\\/\\\/lamanere.fr\\\/?s={search_term_string}\"},\"query-input\":{\"@type\":\"PropertyValueSpecification\",\"valueRequired\":true,\"valueName\":\"search_term_string\"}}],\"inLanguage\":\"ca\"},{\"@type\":\"Organization\",\"@id\":\"https:\\\/\\\/lamanere.fr\\\/#organization\",\"name\":\"Commune de Laman\u00e8re\",\"url\":\"https:\\\/\\\/lamanere.fr\\\/\",\"logo\":{\"@type\":\"ImageObject\",\"inLanguage\":\"ca\",\"@id\":\"https:\\\/\\\/lamanere.fr\\\/#\\\/schema\\\/logo\\\/image\\\/\",\"url\":\"https:\\\/\\\/lamanere.fr\\\/wp-content\\\/uploads\\\/2020\\\/09\\\/logo2-149.jpg\",\"contentUrl\":\"https:\\\/\\\/lamanere.fr\\\/wp-content\\\/uploads\\\/2020\\\/09\\\/logo2-149.jpg\",\"width\":149,\"height\":146,\"caption\":\"Commune de Laman\u00e8re\"},\"image\":{\"@id\":\"https:\\\/\\\/lamanere.fr\\\/#\\\/schema\\\/logo\\\/image\\\/\"},\"sameAs\":[\"https:\\\/\\\/www.facebook.com\\\/lamanere\",\"https:\\\/\\\/fr.wikipedia.org\\\/wiki\\\/Laman\u00e8re\"]}]}<\/script>\n<!-- \/ Yoast SEO plugin. -->","yoast_head_json":{"title":"Ajouter une annonce - Laman\u00e8re - Lloc oficial del municipi","robots":{"index":"index","follow":"follow","max-snippet":"max-snippet:-1","max-image-preview":"max-image-preview:large","max-video-preview":"max-video-preview:-1"},"canonical":"https:\/\/lamanere.fr\/ca\/petites-annonces\/ajouter-une-annonce\/","og_locale":"ca_ES","og_type":"article","og_title":"Ajouter une annonce - Laman\u00e8re - Lloc oficial del municipi","og_url":"https:\/\/lamanere.fr\/ca\/petites-annonces\/ajouter-une-annonce\/","og_site_name":"Laman\u00e8re - Lloc oficial del municipi","article_publisher":"https:\/\/www.facebook.com\/lamanere","twitter_card":"summary_large_image","schema":{"@context":"https:\/\/schema.org","@graph":[{"@type":"WebPage","@id":"https:\/\/lamanere.fr\/ca\/petites-annonces\/ajouter-une-annonce\/","url":"https:\/\/lamanere.fr\/ca\/petites-annonces\/ajouter-une-annonce\/","name":"Ajouter une annonce - Laman\u00e8re - Lloc oficial del municipi","isPartOf":{"@id":"https:\/\/lamanere.fr\/#website"},"datePublished":"2020-11-02T12:17:42+00:00","breadcrumb":{"@id":"https:\/\/lamanere.fr\/ca\/petites-annonces\/ajouter-une-annonce\/#breadcrumb"},"inLanguage":"ca","potentialAction":[{"@type":"ReadAction","target":["https:\/\/lamanere.fr\/ca\/petites-annonces\/ajouter-une-annonce\/"]}]},{"@type":"BreadcrumbList","@id":"https:\/\/lamanere.fr\/ca\/petites-annonces\/ajouter-une-annonce\/#breadcrumb","itemListElement":[{"@type":"ListItem","position":1,"name":"Accueil","item":"https:\/\/lamanere.fr\/"},{"@type":"ListItem","position":2,"name":"Petites annonces","item":"https:\/\/lamanere.fr\/ca\/petites-annonces\/"},{"@type":"ListItem","position":3,"name":"Ajouter une annonce"}]},{"@type":"WebSite","@id":"https:\/\/lamanere.fr\/#website","url":"https:\/\/lamanere.fr\/","name":"Laman\u00e8re - Lloc oficial del municipi","description":"Poble m\u00e9s al sud de la Fran\u00e7a continental","publisher":{"@id":"https:\/\/lamanere.fr\/#organization"},"potentialAction":[{"@type":"SearchAction","target":{"@type":"EntryPoint","urlTemplate":"https:\/\/lamanere.fr\/?s={search_term_string}"},"query-input":{"@type":"PropertyValueSpecification","valueRequired":true,"valueName":"search_term_string"}}],"inLanguage":"ca"},{"@type":"Organization","@id":"https:\/\/lamanere.fr\/#organization","name":"Commune de Laman\u00e8re","url":"https:\/\/lamanere.fr\/","logo":{"@type":"ImageObject","inLanguage":"ca","@id":"https:\/\/lamanere.fr\/#\/schema\/logo\/image\/","url":"https:\/\/lamanere.fr\/wp-content\/uploads\/2020\/09\/logo2-149.jpg","contentUrl":"https:\/\/lamanere.fr\/wp-content\/uploads\/2020\/09\/logo2-149.jpg","width":149,"height":146,"caption":"Commune de Laman\u00e8re"},"image":{"@id":"https:\/\/lamanere.fr\/#\/schema\/logo\/image\/"},"sameAs":["https:\/\/www.facebook.com\/lamanere","https:\/\/fr.wikipedia.org\/wiki\/Laman\u00e8re"]}]}},"_links":{"self":[{"href":"https:\/\/lamanere.fr\/ca\/wp-json\/wp\/v2\/pages\/980"}],"collection":[{"href":"https:\/\/lamanere.fr\/ca\/wp-json\/wp\/v2\/pages"}],"about":[{"href":"https:\/\/lamanere.fr\/ca\/wp-json\/wp\/v2\/types\/page"}],"author":[{"embeddable":true,"href":"https:\/\/lamanere.fr\/ca\/wp-json\/wp\/v2\/users\/1"}],"replies":[{"embeddable":true,"href":"https:\/\/lamanere.fr\/ca\/wp-json\/wp\/v2\/comments?post=980"}],"version-history":[{"count":0,"href":"https:\/\/lamanere.fr\/ca\/wp-json\/wp\/v2\/pages\/980\/revisions"}],"up":[{"embeddable":true,"href":"https:\/\/lamanere.fr\/ca\/wp-json\/wp\/v2\/pages\/976"}],"wp:attachment":[{"href":"https:\/\/lamanere.fr\/ca\/wp-json\/wp\/v2\/media?parent=980"}],"curies":[{"name":"wp","href":"https:\/\/api.w.org\/{rel}","templated":true}]}}