{"id":983,"date":"2020-11-02T13:17:42","date_gmt":"2020-11-02T12:17:42","guid":{"rendered":"https:\/\/lamanere.fr\/petites-annonces\/rechercher-des-annonces\/"},"modified":"2020-11-02T13:17:42","modified_gmt":"2020-11-02T12:17:42","slug":"rechercher-des-annonces","status":"publish","type":"page","link":"https:\/\/lamanere.fr\/ca\/petites-annonces\/rechercher-des-annonces\/","title":{"rendered":"Rechercher des annonces"},"content":{"rendered":"\n<div class=\"awpcp-search-ads awpcp-page\" id=\"classiwrapper\">\n\n            <ul class=\"awpcp-classifieds-menu awpcp-clearfix\" data-breakpoints='{\"tiny\": [0,400], \"small\": [400,500]}' data-breakpoints-class-prefix=\"awpcp-classifieds-menu\">\n    <li class=\"awpcp-classifieds-menu--menu-item awpcp-classifieds-menu--post-listing-menu-item\">\n        <a class=\"awpcp-classifieds-menu--menu-item-link button\" href=\"https:\/\/lamanere.fr\/ca\/petites-annonces\/ajouter-une-annonce\">Ajouter une annonce<\/a>\n    <\/li>\n    <li class=\"awpcp-classifieds-menu--menu-item awpcp-classifieds-menu--edit-listing-menu-item\">\n        <a class=\"awpcp-classifieds-menu--menu-item-link button\" href=\"https:\/\/lamanere.fr\/ca\/petites-annonces\/modifier-lannonce\">Modifier l\u2019annonce<\/a>\n    <\/li>\n    <li class=\"awpcp-classifieds-menu--menu-item awpcp-classifieds-menu--browse-listings-menu-item\">\n        <a class=\"awpcp-classifieds-menu--menu-item-link button\" href=\"https:\/\/lamanere.fr\/ca\/petites-annonces\/parcourir-toutes-les-annonces\">Parcourir toutes les annonces<\/a>\n    <\/li>\n    <li class=\"awpcp-classifieds-menu--menu-item awpcp-classifieds-menu--search-listings-menu-item\">\n        <a class=\"awpcp-classifieds-menu--menu-item-link button\" href=\"https:\/\/lamanere.fr\/ca\/petites-annonces\/rechercher-des-annonces\">Rechercher des annonces<\/a>\n    <\/li>\n<\/ul>\n    \n    <form class=\"awpcp-search-ads-form\" method=\"get\" action=\"https:\/\/lamanere.fr\/ca\/wp-json\/wp\/v2\/pages\/983\"name=\"myform\">\n    <input type=\"hidden\" name=\"awpcp-step\" value=\"dosearch\" \/>\n    <p class=\"awpcp-form-field awpcp-form-spacer\">\n        <label for=\"query\">Search for ads containing this word or phrase:<\/label>\n        <input type=\"text\" id=\"query\" class=\"awpcp-textfield inputbox\" size=\"50\" name=\"keywordphrase\" value=\"\" \/>\n            <\/p>\n\n    <p class=\"awpcp-form-spacer\">\n        <label class=\"awpcp-category-dropdown-label\" for=\"awpcp-category-dropdown-69e7027f2e872\">Ad Category<\/label>\n\n\n<select id=\"awpcp-category-dropdown-69e7027f2e872\" class=\"awpcp-category-dropdown awpcp-dropdown \" name=\"searchcategory[]\" data-hash=\"69e7027f2e872\" placeholder=\"All Categories\" multiple=\"multiple\" style=\"width: 100%\">\n    <option class=\"dropdownparentcategory\" value=\"96\">G\u00e9n\u00e9ral<\/option><\/select>\n\n\n<script type=\"text\/javascript\">var categories_69e7027f2e872 = {\"mode\":\"basic\",\"select2\":{\"containerCssClass\":\"awpcp-category-dropdown-selection\",\"dropdownCssClass\":\"awpcp-category-dropdown-options\",\"allowClear\":true,\"placeholder\":\"All Categories\",\"maximumSelectionLength\":100},\"selectedCategoriesIds\":[],\"categoriesHierarchy\":{\"root\":[{\"term_id\":96,\"name\":\"G\\u00e9n\\u00e9ral\",\"slug\":\"general\",\"term_group\":0,\"term_taxonomy_id\":96,\"taxonomy\":\"awpcp_listing_category\",\"description\":\"\",\"parent\":0,\"count\":0,\"filter\":\"raw\",\"i18n_config\":{\"name\":{\"ts\":{\"fr\":\"G\\u00e9n\\u00e9ral\"}}}}]},\"paymentTerms\":[],\"subcategoryLabel\":\"Select a Sub-category\"};<\/script>\n    <\/p>\n\n        <p class=\"awpcp-form-field awpcp-form-spacer\">\n        <label for=\"name\">For ads posted by<\/label>\n        <select id=\"name\" name=\"searchname\">\n            <option value=\"\">All Users<\/option>\n                    <\/select>\n    <\/p>\n    \n        <div class=\"awpcp-form-field awpcp-range-form-field awpcp-form-spacer\">\n        <div class=\"awpcp-range-search\">\n            <label for=\"min-price\">Min price<\/label>\n            <input id=\"min-price\" class=\"awpcp-textfield inputbox money\" type=\"text\" name=\"searchpricemin\" value=\"\">\n        <\/div>\n        <div class=\"awpcp-range-search\">\n            <label for=\"max-price\">Max price<\/label>\n            <input id=\"max-price\" class=\"awpcp-textfield inputbox money\" type=\"text\" name=\"searchpricemax\" value=\"\">\n        <\/div>\n                    <\/div>\n    \n    \n    \n    <p class=\"awpcp-form-field\"><input type=\"submit\" class=\"button\" value=\"Find Ads\"\/><\/p>\n<\/form>\n<\/div>\n\n","protected":false},"excerpt":{"rendered":"","protected":false},"author":1,"featured_media":0,"parent":976,"menu_order":0,"comment_status":"closed","ping_status":"closed","template":"","meta":{"footnotes":""},"yoast_head":"<!-- This site is optimized with the Yoast SEO plugin v27.4 - https:\/\/yoast.com\/product\/yoast-seo-wordpress\/ -->\n<title>Rechercher des annonces - Laman\u00e8re - Lloc oficial del municipi<\/title>\n<meta name=\"robots\" content=\"index, follow, max-snippet:-1, max-image-preview:large, max-video-preview:-1\" \/>\n<link rel=\"canonical\" href=\"https:\/\/lamanere.fr\/ca\/petites-annonces\/rechercher-des-annonces\/\" \/>\n<meta property=\"og:locale\" content=\"ca_ES\" \/>\n<meta property=\"og:type\" content=\"article\" \/>\n<meta property=\"og:title\" content=\"Rechercher des annonces - Laman\u00e8re - Lloc oficial del municipi\" \/>\n<meta property=\"og:url\" content=\"https:\/\/lamanere.fr\/ca\/petites-annonces\/rechercher-des-annonces\/\" \/>\n<meta property=\"og:site_name\" content=\"Laman\u00e8re - Lloc oficial del municipi\" \/>\n<meta property=\"article:publisher\" content=\"https:\/\/www.facebook.com\/lamanere\" \/>\n<meta name=\"twitter:card\" content=\"summary_large_image\" \/>\n<script type=\"application\/ld+json\" class=\"yoast-schema-graph\">{\"@context\":\"https:\\\/\\\/schema.org\",\"@graph\":[{\"@type\":\"WebPage\",\"@id\":\"https:\\\/\\\/lamanere.fr\\\/ca\\\/petites-annonces\\\/rechercher-des-annonces\\\/\",\"url\":\"https:\\\/\\\/lamanere.fr\\\/ca\\\/petites-annonces\\\/rechercher-des-annonces\\\/\",\"name\":\"Rechercher des annonces - Laman\u00e8re - Lloc oficial del municipi\",\"isPartOf\":{\"@id\":\"https:\\\/\\\/lamanere.fr\\\/#website\"},\"datePublished\":\"2020-11-02T12:17:42+00:00\",\"breadcrumb\":{\"@id\":\"https:\\\/\\\/lamanere.fr\\\/ca\\\/petites-annonces\\\/rechercher-des-annonces\\\/#breadcrumb\"},\"inLanguage\":\"ca\",\"potentialAction\":[{\"@type\":\"ReadAction\",\"target\":[\"https:\\\/\\\/lamanere.fr\\\/ca\\\/petites-annonces\\\/rechercher-des-annonces\\\/\"]}]},{\"@type\":\"BreadcrumbList\",\"@id\":\"https:\\\/\\\/lamanere.fr\\\/ca\\\/petites-annonces\\\/rechercher-des-annonces\\\/#breadcrumb\",\"itemListElement\":[{\"@type\":\"ListItem\",\"position\":1,\"name\":\"Accueil\",\"item\":\"https:\\\/\\\/lamanere.fr\\\/\"},{\"@type\":\"ListItem\",\"position\":2,\"name\":\"Petites annonces\",\"item\":\"https:\\\/\\\/lamanere.fr\\\/ca\\\/petites-annonces\\\/\"},{\"@type\":\"ListItem\",\"position\":3,\"name\":\"Rechercher des annonces\"}]},{\"@type\":\"WebSite\",\"@id\":\"https:\\\/\\\/lamanere.fr\\\/#website\",\"url\":\"https:\\\/\\\/lamanere.fr\\\/\",\"name\":\"Laman\u00e8re - Lloc oficial del municipi\",\"description\":\"Poble m\u00e9s al sud de la Fran\u00e7a continental\",\"publisher\":{\"@id\":\"https:\\\/\\\/lamanere.fr\\\/#organization\"},\"potentialAction\":[{\"@type\":\"SearchAction\",\"target\":{\"@type\":\"EntryPoint\",\"urlTemplate\":\"https:\\\/\\\/lamanere.fr\\\/?s={search_term_string}\"},\"query-input\":{\"@type\":\"PropertyValueSpecification\",\"valueRequired\":true,\"valueName\":\"search_term_string\"}}],\"inLanguage\":\"ca\"},{\"@type\":\"Organization\",\"@id\":\"https:\\\/\\\/lamanere.fr\\\/#organization\",\"name\":\"Commune de Laman\u00e8re\",\"url\":\"https:\\\/\\\/lamanere.fr\\\/\",\"logo\":{\"@type\":\"ImageObject\",\"inLanguage\":\"ca\",\"@id\":\"https:\\\/\\\/lamanere.fr\\\/#\\\/schema\\\/logo\\\/image\\\/\",\"url\":\"https:\\\/\\\/lamanere.fr\\\/wp-content\\\/uploads\\\/2020\\\/09\\\/logo2-149.jpg\",\"contentUrl\":\"https:\\\/\\\/lamanere.fr\\\/wp-content\\\/uploads\\\/2020\\\/09\\\/logo2-149.jpg\",\"width\":149,\"height\":146,\"caption\":\"Commune de Laman\u00e8re\"},\"image\":{\"@id\":\"https:\\\/\\\/lamanere.fr\\\/#\\\/schema\\\/logo\\\/image\\\/\"},\"sameAs\":[\"https:\\\/\\\/www.facebook.com\\\/lamanere\",\"https:\\\/\\\/fr.wikipedia.org\\\/wiki\\\/Laman\u00e8re\"]}]}<\/script>\n<!-- \/ Yoast SEO plugin. -->","yoast_head_json":{"title":"Rechercher des annonces - Laman\u00e8re - Lloc oficial del municipi","robots":{"index":"index","follow":"follow","max-snippet":"max-snippet:-1","max-image-preview":"max-image-preview:large","max-video-preview":"max-video-preview:-1"},"canonical":"https:\/\/lamanere.fr\/ca\/petites-annonces\/rechercher-des-annonces\/","og_locale":"ca_ES","og_type":"article","og_title":"Rechercher des annonces - Laman\u00e8re - Lloc oficial del municipi","og_url":"https:\/\/lamanere.fr\/ca\/petites-annonces\/rechercher-des-annonces\/","og_site_name":"Laman\u00e8re - Lloc oficial del municipi","article_publisher":"https:\/\/www.facebook.com\/lamanere","twitter_card":"summary_large_image","schema":{"@context":"https:\/\/schema.org","@graph":[{"@type":"WebPage","@id":"https:\/\/lamanere.fr\/ca\/petites-annonces\/rechercher-des-annonces\/","url":"https:\/\/lamanere.fr\/ca\/petites-annonces\/rechercher-des-annonces\/","name":"Rechercher des annonces - Laman\u00e8re - Lloc oficial del municipi","isPartOf":{"@id":"https:\/\/lamanere.fr\/#website"},"datePublished":"2020-11-02T12:17:42+00:00","breadcrumb":{"@id":"https:\/\/lamanere.fr\/ca\/petites-annonces\/rechercher-des-annonces\/#breadcrumb"},"inLanguage":"ca","potentialAction":[{"@type":"ReadAction","target":["https:\/\/lamanere.fr\/ca\/petites-annonces\/rechercher-des-annonces\/"]}]},{"@type":"BreadcrumbList","@id":"https:\/\/lamanere.fr\/ca\/petites-annonces\/rechercher-des-annonces\/#breadcrumb","itemListElement":[{"@type":"ListItem","position":1,"name":"Accueil","item":"https:\/\/lamanere.fr\/"},{"@type":"ListItem","position":2,"name":"Petites annonces","item":"https:\/\/lamanere.fr\/ca\/petites-annonces\/"},{"@type":"ListItem","position":3,"name":"Rechercher des annonces"}]},{"@type":"WebSite","@id":"https:\/\/lamanere.fr\/#website","url":"https:\/\/lamanere.fr\/","name":"Laman\u00e8re - Lloc oficial del municipi","description":"Poble m\u00e9s al sud de la Fran\u00e7a continental","publisher":{"@id":"https:\/\/lamanere.fr\/#organization"},"potentialAction":[{"@type":"SearchAction","target":{"@type":"EntryPoint","urlTemplate":"https:\/\/lamanere.fr\/?s={search_term_string}"},"query-input":{"@type":"PropertyValueSpecification","valueRequired":true,"valueName":"search_term_string"}}],"inLanguage":"ca"},{"@type":"Organization","@id":"https:\/\/lamanere.fr\/#organization","name":"Commune de Laman\u00e8re","url":"https:\/\/lamanere.fr\/","logo":{"@type":"ImageObject","inLanguage":"ca","@id":"https:\/\/lamanere.fr\/#\/schema\/logo\/image\/","url":"https:\/\/lamanere.fr\/wp-content\/uploads\/2020\/09\/logo2-149.jpg","contentUrl":"https:\/\/lamanere.fr\/wp-content\/uploads\/2020\/09\/logo2-149.jpg","width":149,"height":146,"caption":"Commune de Laman\u00e8re"},"image":{"@id":"https:\/\/lamanere.fr\/#\/schema\/logo\/image\/"},"sameAs":["https:\/\/www.facebook.com\/lamanere","https:\/\/fr.wikipedia.org\/wiki\/Laman\u00e8re"]}]}},"_links":{"self":[{"href":"https:\/\/lamanere.fr\/ca\/wp-json\/wp\/v2\/pages\/983"}],"collection":[{"href":"https:\/\/lamanere.fr\/ca\/wp-json\/wp\/v2\/pages"}],"about":[{"href":"https:\/\/lamanere.fr\/ca\/wp-json\/wp\/v2\/types\/page"}],"author":[{"embeddable":true,"href":"https:\/\/lamanere.fr\/ca\/wp-json\/wp\/v2\/users\/1"}],"replies":[{"embeddable":true,"href":"https:\/\/lamanere.fr\/ca\/wp-json\/wp\/v2\/comments?post=983"}],"version-history":[{"count":0,"href":"https:\/\/lamanere.fr\/ca\/wp-json\/wp\/v2\/pages\/983\/revisions"}],"up":[{"embeddable":true,"href":"https:\/\/lamanere.fr\/ca\/wp-json\/wp\/v2\/pages\/976"}],"wp:attachment":[{"href":"https:\/\/lamanere.fr\/ca\/wp-json\/wp\/v2\/media?parent=983"}],"curies":[{"name":"wp","href":"https:\/\/api.w.org\/{rel}","templated":true}]}}