{"id":168,"date":"2020-09-02T10:22:24","date_gmt":"2020-09-02T10:22:24","guid":{"rendered":"https:\/\/lamanere.fr\/?page_id=168"},"modified":"2020-09-17T15:22:39","modified_gmt":"2020-09-17T14:22:39","slug":"a-propos","status":"publish","type":"page","link":"https:\/\/lamanere.fr\/en\/a-propos\/","title":{"rendered":"\u00c0 Propos"},"content":{"rendered":"<p class=\"qtranxs-available-languages-message qtranxs-available-languages-message-en\">Sorry, this entry is only available in <a href=\"https:\/\/lamanere.fr\/fr\/wp-json\/wp\/v2\/pages\/168\" class=\"qtranxs-available-language-link qtranxs-available-language-link-fr\" title=\"Fran\u00e7ais\">French<\/a>.<\/p><div id=\"text\">\n<h1>La Menera<a href=\"https:\/\/lamanere.fr\/wp-content\/uploads\/2020\/09\/village-lamanere.jpg\" data-src=\"https:\/\/lamanere.fr\/wp-content\/uploads\/2020\/09\/village-lamanere.jpg\" data-thumb=\"https:\/\/lamanere.fr\/wp-content\/uploads\/2020\/09\/a-propos-la-menera-150x150.jpg\" class=\"ml-lightbox-enabled\"><img loading=\"lazy\" decoding=\"async\" class=\"img-shadow alignright wp-image-202 size-thumbnail\" src=\"https:\/\/lamanere.fr\/wp-content\/uploads\/2020\/09\/a-propos-la-menera-150x150.jpg\" alt=\"\" width=\"150\" height=\"150\" srcset=\"https:\/\/lamanere.fr\/wp-content\/uploads\/2020\/09\/a-propos-la-menera-150x150.jpg 150w, https:\/\/lamanere.fr\/wp-content\/uploads\/2020\/09\/a-propos-la-menera-50x50.jpg 50w\" sizes=\"(max-width: 150px) 100vw, 150px\" \/><\/a><\/h1>\n<p>Situ\u00e9 dans les Pyr\u00e9n\u00e9es Orientales, en Haut Vallespir, le village de LA MENERA (Laman\u00e8re, en fran\u00e7ais) est le village le plus au sud de la France continentale, le plus au Sud de la Catalogne Nord !<\/p>\n<p>A quelques 800 m d&#8217;altitude, en pi\u00e9mont du Canig\u00f3, dans un \u00e9crin de verdure LAMANERE vous accueille, au calme, entre ses deux rivi\u00e8res le Taix et le Lamanere.<\/p>\n<p>Des randonn\u00e9es, adapt\u00e9es \u00e0 tous, vous permettrons de d\u00e9couvrir ses paysages magnifiques.<\/p>\n<p>Apr\u00e8s une belle balade, les g\u00eetes communaux, ou le petit refuge pr\u00e9vu pour une nuit, vous offriront un repos bien m\u00e9rit\u00e9.<\/p>\n<p>Vous pourrez d\u00e9guster les produits locaux de notre Pays Catalan au restaurant du village \u00ab El Nostre Rac\u00f3 \u00bb ; Isabelle vous y accueillera avec plaisir.<\/p>\n<p>Si le c\u0153ur vous en dit, vous choisirez une des 2 aires de pique-nique pour un repas sorti du sac, au bord du Taix ou pr\u00e8s du petit plan d\u2019eau en contre-bas du village.<\/p>\n<p>Les habitants de LAMANERE seront heureux de vous faire d\u00e9couvrir leur village et ses alentours.<\/p>\n<p>Venez vous ressourcer en Haut Vallespir \u00e0 LAMANERE, dans le paradis au plus au Sud de la France continentale!<\/p>\n<p>Venez d\u00e9couvrir notre village, son histoire, ses l\u00e9gendes&#8230;..<\/p>\n<p><iframe loading=\"lazy\" title=\"LAMANERE, Un village en Haut Vallespir - Laman\u00e8re\" width=\"640\" height=\"360\" src=\"https:\/\/www.youtube.com\/embed\/uO--qp2A6Q0?feature=oembed\" frameborder=\"0\" allow=\"accelerometer; autoplay; clipboard-write; encrypted-media; gyroscope; picture-in-picture\" allowfullscreen><\/iframe><\/p>\n<h1>Le Conseil Municipal<\/h1>\n<p>Le nouveau Conseil Municipal de Laman\u00e8re est compos\u00e9 depuis juin 2020 de Gis\u00e8le Juanole (Maire), G\u00e9rard Cuvilliez (Adjoint), Jacky Pujol (Adjoint), Claude Font, S\u00e9verine Margalef, Jean-Paul La\u00eflle et <span class=\"result-card__party\">Pierrette Juanole-Demoulin.<\/span><\/p>\n<\/div>\n<p><a href=\"https:\/\/lamanere.fr\/conseil-municipal\/\">Plus de d\u00e9tails sur le Conseil Municipal<\/a><\/p>\n<h1>Le Nouveau Site Internet<\/h1>\n<p>Un nouveau site internet est en ligne, <a href=\"https:\/\/lamanere.fr\/2020\/09\/01\/nouveau-site\/\">plus d&#8217;information en cliquant ici<\/a>.<\/p>\n<p><a href=\"https:\/\/www.facebook.com\/groups\/commune.lamanere\/\" target=\"_blank\" rel=\"noopener noreferrer\"><i class=\"fab fa-facebook-square\"><\/i> <\/a><a href=\"https:\/\/www.facebook.com\/groups\/commune.lamanere\/\" target=\"_blank\" rel=\"noopener noreferrer\">Facebook Officiel de la Commune<\/a><\/p>\n<p><a href=\"https:\/\/www.facebook.com\/groups\/lamanere.notrepassioncommune\" target=\"_blank\" rel=\"noopener noreferrer\"><i class=\"fab fa-facebook-square\"><\/i> <\/a><a href=\"https:\/\/www.facebook.com\/groups\/lamanere.notrepassioncommune\" target=\"_blank\" rel=\"noopener noreferrer\">Facebook de &#8220;Laman\u00e8re notre passion Commune&#8221;<\/a><\/p>\n<p>&nbsp;<\/p>\n<div id=\"metaslider-id-207\" style=\"width: 100%;\" class=\"ml-slider-3-108-0 metaslider metaslider-flex metaslider-207 ml-slider ml-slider-lightbox-2-22-0 lightbox-disabled ms-theme-cubic nav-hidden\" role=\"region\" aria-label=\"\u00e0-propos\" data-height=\"500\" data-width=\"750\">\n    <div id=\"metaslider_container_207\">\n        <div id=\"metaslider_207\">\n            <ul class='slides'>\n                <li style=\"display: block; width: 100%;\" class=\"slide-228 ms-image \" aria-roledescription=\"slide\" data-date=\"2020-09-04 08:32:43\" data-filename=\"diaporama-apropos_gogwzvl2gfmx1g9-750x500.jpg\" data-slide-type=\"image\"><img loading=\"lazy\" decoding=\"async\" src=\"https:\/\/lamanere.fr\/wp-content\/uploads\/2020\/09\/diaporama-apropos_gogwzvl2gfmx1g9-750x500.jpg\" height=\"500\" width=\"750\" alt=\"\" class=\"slider-207 slide-228 msDefaultImage\" title=\"diaporama-apropos_gogwzvl2gfmx1g9\" \/><\/li>\n                <li style=\"display: none; width: 100%;\" class=\"slide-229 ms-image \" aria-roledescription=\"slide\" data-date=\"2020-09-04 08:32:53\" data-filename=\"diaporama-apropos_v6u4p6v829cgqi-750x500.jpg\" data-slide-type=\"image\"><img loading=\"lazy\" decoding=\"async\" src=\"https:\/\/lamanere.fr\/wp-content\/uploads\/2020\/09\/diaporama-apropos_v6u4p6v829cgqi-750x500.jpg\" height=\"500\" width=\"750\" alt=\"\" class=\"slider-207 slide-229 msDefaultImage\" title=\"diaporama-apropos_v6u4p6v829cgqi\" \/><\/li>\n                <li style=\"display: none; width: 100%;\" class=\"slide-230 ms-image \" aria-roledescription=\"slide\" data-date=\"2020-09-04 08:32:58\" data-filename=\"diaporama-apropos_qsy8byimzurkw1-750x500.jpg\" data-slide-type=\"image\"><img loading=\"lazy\" decoding=\"async\" src=\"https:\/\/lamanere.fr\/wp-content\/uploads\/2020\/09\/diaporama-apropos_qsy8byimzurkw1-750x500.jpg\" height=\"500\" width=\"750\" alt=\"\" class=\"slider-207 slide-230 msDefaultImage\" title=\"diaporama-apropos_qsy8byimzurkw1\" \/><\/li>\n                <li style=\"display: none; width: 100%;\" class=\"slide-231 ms-image \" aria-roledescription=\"slide\" data-date=\"2020-09-04 08:33:04\" data-filename=\"diaporama-apropos_bpf0m2ze20yyazb-339x226.jpg\" data-slide-type=\"image\"><img loading=\"lazy\" decoding=\"async\" src=\"https:\/\/lamanere.fr\/wp-content\/uploads\/2020\/09\/diaporama-apropos_bpf0m2ze20yyazb-339x226.jpg\" height=\"500\" width=\"750\" alt=\"\" class=\"slider-207 slide-231 msDefaultImage\" title=\"diaporama-apropos_bpf0m2ze20yyazb\" \/><\/li>\n                <li style=\"display: none; width: 100%;\" class=\"slide-232 ms-image \" aria-roledescription=\"slide\" data-date=\"2020-09-04 08:33:06\" data-filename=\"diaporama-apropos_g1lvmkba6zatu0-750x500.jpg\" data-slide-type=\"image\"><img loading=\"lazy\" decoding=\"async\" src=\"https:\/\/lamanere.fr\/wp-content\/uploads\/2020\/09\/diaporama-apropos_g1lvmkba6zatu0-750x500.jpg\" height=\"500\" width=\"750\" alt=\"\" class=\"slider-207 slide-232 msDefaultImage\" title=\"diaporama-apropos_g1lvmkba6zatu0\" \/><\/li>\n                <li style=\"display: none; width: 100%;\" class=\"slide-233 ms-image \" aria-roledescription=\"slide\" data-date=\"2020-09-04 08:33:12\" data-filename=\"diaporama-apropos_z4uaidrjxe4eg50-750x500.jpg\" data-slide-type=\"image\"><img loading=\"lazy\" decoding=\"async\" src=\"https:\/\/lamanere.fr\/wp-content\/uploads\/2020\/09\/diaporama-apropos_z4uaidrjxe4eg50-750x500.jpg\" height=\"500\" width=\"750\" alt=\"\" class=\"slider-207 slide-233 msDefaultImage\" title=\"diaporama-apropos_z4uaidrjxe4eg50\" \/><\/li>\n                <li style=\"display: none; width: 100%;\" class=\"slide-234 ms-image \" aria-roledescription=\"slide\" data-date=\"2020-09-04 08:33:15\" data-filename=\"diaporama-apropos_jn435zujlted4r-425x283.jpg\" data-slide-type=\"image\"><img loading=\"lazy\" decoding=\"async\" src=\"https:\/\/lamanere.fr\/wp-content\/uploads\/2020\/09\/diaporama-apropos_jn435zujlted4r-425x283.jpg\" height=\"500\" width=\"750\" alt=\"\" class=\"slider-207 slide-234 msDefaultImage\" title=\"diaporama-apropos_jn435zujlted4r\" \/><\/li>\n                <li style=\"display: none; width: 100%;\" class=\"slide-235 ms-image \" aria-roledescription=\"slide\" data-date=\"2020-09-04 08:33:18\" data-filename=\"diaporama-apropos_aaezpwc8zhersvt-750x500.jpg\" data-slide-type=\"image\"><img loading=\"lazy\" decoding=\"async\" src=\"https:\/\/lamanere.fr\/wp-content\/uploads\/2020\/09\/diaporama-apropos_aaezpwc8zhersvt-750x500.jpg\" height=\"500\" width=\"750\" alt=\"\" class=\"slider-207 slide-235 msDefaultImage\" title=\"diaporama-apropos_aaezpwc8zhersvt\" \/><\/li>\n                <li style=\"display: none; width: 100%;\" class=\"slide-236 ms-image \" aria-roledescription=\"slide\" data-date=\"2020-09-04 08:33:23\" data-filename=\"diaporama-apropos_gx4jhrwy8d300k-750x500.jpg\" data-slide-type=\"image\"><img loading=\"lazy\" decoding=\"async\" src=\"https:\/\/lamanere.fr\/wp-content\/uploads\/2020\/09\/diaporama-apropos_gx4jhrwy8d300k-750x500.jpg\" height=\"500\" width=\"750\" alt=\"\" class=\"slider-207 slide-236 msDefaultImage\" title=\"diaporama-apropos_gx4jhrwy8d300k\" \/><\/li>\n                <li style=\"display: none; width: 100%;\" class=\"slide-237 ms-image \" aria-roledescription=\"slide\" data-date=\"2020-09-04 08:33:26\" data-filename=\"diaporama-apropos_yt9ofs2dj6x8tk4-750x500.jpg\" data-slide-type=\"image\"><img loading=\"lazy\" decoding=\"async\" src=\"https:\/\/lamanere.fr\/wp-content\/uploads\/2020\/09\/diaporama-apropos_yt9ofs2dj6x8tk4-750x500.jpg\" height=\"500\" width=\"750\" alt=\"\" class=\"slider-207 slide-237 msDefaultImage\" title=\"diaporama-apropos_yt9ofs2dj6x8tk4\" \/><\/li>\n                <li style=\"display: none; width: 100%;\" class=\"slide-238 ms-image \" aria-roledescription=\"slide\" data-date=\"2020-09-04 08:33:31\" data-filename=\"diaporama-apropos_acnah9bp2rzmo93-460x306.jpg\" data-slide-type=\"image\"><img loading=\"lazy\" decoding=\"async\" src=\"https:\/\/lamanere.fr\/wp-content\/uploads\/2020\/09\/diaporama-apropos_acnah9bp2rzmo93-460x306.jpg\" height=\"500\" width=\"750\" alt=\"\" class=\"slider-207 slide-238 msDefaultImage\" title=\"diaporama-apropos_acnah9bp2rzmo93\" \/><\/li>\n                <li style=\"display: none; width: 100%;\" class=\"slide-239 ms-image \" aria-roledescription=\"slide\" data-date=\"2020-09-04 08:33:34\" data-filename=\"diaporama-apropos_534o20jqgjfttze-750x500.jpg\" data-slide-type=\"image\"><img loading=\"lazy\" decoding=\"async\" src=\"https:\/\/lamanere.fr\/wp-content\/uploads\/2020\/09\/diaporama-apropos_534o20jqgjfttze-750x500.jpg\" height=\"500\" width=\"750\" alt=\"\" class=\"slider-207 slide-239 msDefaultImage\" title=\"diaporama-apropos_534o20jqgjfttze\" \/><\/li>\n                <li style=\"display: none; width: 100%;\" class=\"slide-240 ms-image \" aria-roledescription=\"slide\" data-date=\"2020-09-04 08:33:39\" data-filename=\"diaporama-apropos_cg9u3x9ao31m.jpg\" data-slide-type=\"image\"><img loading=\"lazy\" decoding=\"async\" src=\"https:\/\/lamanere.fr\/wp-content\/uploads\/2020\/09\/diaporama-apropos_cg9u3x9ao31m.jpg\" height=\"500\" width=\"750\" alt=\"\" class=\"slider-207 slide-240 msDefaultImage\" title=\"diaporama-apropos_cg9u3x9ao31m\" \/><\/li>\n                <li style=\"display: none; width: 100%;\" class=\"slide-242 ms-image \" aria-roledescription=\"slide\" data-date=\"2020-09-04 08:33:56\" data-filename=\"diaporama-apropos_fy4wu2qf56ur3v7-750x500.jpg\" data-slide-type=\"image\"><img loading=\"lazy\" decoding=\"async\" src=\"https:\/\/lamanere.fr\/wp-content\/uploads\/2020\/09\/diaporama-apropos_fy4wu2qf56ur3v7-750x500.jpg\" height=\"500\" width=\"750\" alt=\"\" class=\"slider-207 slide-242 msDefaultImage\" title=\"diaporama-apropos_fy4wu2qf56ur3v7\" \/><\/li>\n                <li style=\"display: none; width: 100%;\" class=\"slide-243 ms-image \" aria-roledescription=\"slide\" data-date=\"2020-09-04 08:34:03\" data-filename=\"diaporama-apropos_6rbxlib1eue4ojh-750x500.jpg\" data-slide-type=\"image\"><img loading=\"lazy\" decoding=\"async\" src=\"https:\/\/lamanere.fr\/wp-content\/uploads\/2020\/09\/diaporama-apropos_6rbxlib1eue4ojh-750x500.jpg\" height=\"500\" width=\"750\" alt=\"\" class=\"slider-207 slide-243 msDefaultImage\" title=\"diaporama-apropos_6rbxlib1eue4ojh\" \/><\/li>\n                <li style=\"display: none; width: 100%;\" class=\"slide-244 ms-image \" aria-roledescription=\"slide\" data-date=\"2020-09-04 08:34:10\" data-filename=\"diaporama-apropos_56yswvsnttz13p7-425x283.jpg\" data-slide-type=\"image\"><img loading=\"lazy\" decoding=\"async\" src=\"https:\/\/lamanere.fr\/wp-content\/uploads\/2020\/09\/diaporama-apropos_56yswvsnttz13p7-425x283.jpg\" height=\"500\" width=\"750\" alt=\"\" class=\"slider-207 slide-244 msDefaultImage\" title=\"diaporama-apropos_56yswvsnttz13p7\" \/><\/li>\n                <li style=\"display: none; width: 100%;\" class=\"slide-245 ms-image \" aria-roledescription=\"slide\" data-date=\"2020-09-04 08:34:16\" data-filename=\"diaporama-apropos_avpehek245tah1l-744x496.jpg\" data-slide-type=\"image\"><img loading=\"lazy\" decoding=\"async\" src=\"https:\/\/lamanere.fr\/wp-content\/uploads\/2020\/09\/diaporama-apropos_avpehek245tah1l-744x496.jpg\" height=\"500\" width=\"750\" alt=\"\" class=\"slider-207 slide-245 msDefaultImage\" title=\"diaporama-apropos_avpehek245tah1l\" \/><\/li>\n                <li style=\"display: none; width: 100%;\" class=\"slide-246 ms-image \" aria-roledescription=\"slide\" data-date=\"2020-09-04 08:34:21\" data-filename=\"diaporama-apropos_dgssaopbzukbglu.jpg\" data-slide-type=\"image\"><img loading=\"lazy\" decoding=\"async\" src=\"https:\/\/lamanere.fr\/wp-content\/uploads\/2020\/09\/diaporama-apropos_dgssaopbzukbglu.jpg\" height=\"500\" width=\"750\" alt=\"\" class=\"slider-207 slide-246 msDefaultImage\" title=\"diaporama-apropos_dgssaopbzukbglu\" \/><\/li>\n                <li style=\"display: none; width: 100%;\" class=\"slide-247 ms-image \" aria-roledescription=\"slide\" data-date=\"2020-09-04 08:34:25\" data-filename=\"diaporama-apropos_3lqy079iw9ls10-424x283.jpg\" data-slide-type=\"image\"><img loading=\"lazy\" decoding=\"async\" src=\"https:\/\/lamanere.fr\/wp-content\/uploads\/2020\/09\/diaporama-apropos_3lqy079iw9ls10-424x283.jpg\" height=\"500\" width=\"750\" alt=\"\" class=\"slider-207 slide-247 msDefaultImage\" title=\"diaporama-apropos_3lqy079iw9ls10\" \/><\/li>\n                <li style=\"display: none; width: 100%;\" class=\"slide-248 ms-image \" aria-roledescription=\"slide\" data-date=\"2020-09-04 08:34:28\" data-filename=\"diaporama-apropos_a25j9yzo5pq08wf-562x374.jpg\" data-slide-type=\"image\"><img loading=\"lazy\" decoding=\"async\" src=\"https:\/\/lamanere.fr\/wp-content\/uploads\/2020\/09\/diaporama-apropos_a25j9yzo5pq08wf-562x374.jpg\" height=\"500\" width=\"750\" alt=\"\" class=\"slider-207 slide-248 msDefaultImage\" title=\"diaporama-apropos_a25j9yzo5pq08wf\" \/><\/li>\n            <\/ul>\n        <\/div>\n        \n    <\/div>\n<\/div>\n<p>&nbsp;<\/p>\n<p>&nbsp;<\/p>\n<p style=\"text-align: center;\"><a href=\"https:\/\/www.haut-vallespir.fr\/\" target=\"_blank\" rel=\"noopener noreferrer\"><img loading=\"lazy\" decoding=\"async\" class=\"alignnone wp-image-386\" src=\"https:\/\/lamanere.fr\/wp-content\/uploads\/2020\/09\/comcom-haut-vallespir.jpg\" alt=\"\" width=\"64\" height=\"64\" srcset=\"https:\/\/lamanere.fr\/wp-content\/uploads\/2020\/09\/comcom-haut-vallespir.jpg 150w, https:\/\/lamanere.fr\/wp-content\/uploads\/2020\/09\/comcom-haut-vallespir-50x50.jpg 50w\" sizes=\"(max-width: 64px) 100vw, 64px\" \/><\/a><a href=\"https:\/\/www.ledepartement66.fr\/\" target=\"_blank\" rel=\"noopener noreferrer\"><img loading=\"lazy\" decoding=\"async\" class=\"alignnone wp-image-387\" src=\"https:\/\/lamanere.fr\/wp-content\/uploads\/2020\/09\/66-pyrenees-orientales.jpg\" alt=\"\" width=\"64\" height=\"64\" srcset=\"https:\/\/lamanere.fr\/wp-content\/uploads\/2020\/09\/66-pyrenees-orientales.jpg 150w, https:\/\/lamanere.fr\/wp-content\/uploads\/2020\/09\/66-pyrenees-orientales-50x50.jpg 50w\" sizes=\"(max-width: 64px) 100vw, 64px\" \/><\/a><a href=\"http:\/\/www.pyrenees-orientales.gouv.fr\/\" target=\"_blank\" rel=\"noopener noreferrer\"><img loading=\"lazy\" decoding=\"async\" class=\"alignnone wp-image-388\" src=\"https:\/\/lamanere.fr\/wp-content\/uploads\/2020\/09\/66-prefecture.jpg\" alt=\"\" width=\"64\" height=\"64\" srcset=\"https:\/\/lamanere.fr\/wp-content\/uploads\/2020\/09\/66-prefecture.jpg 150w, https:\/\/lamanere.fr\/wp-content\/uploads\/2020\/09\/66-prefecture-50x50.jpg 50w\" sizes=\"(max-width: 64px) 100vw, 64px\" \/><\/a><\/p>\n<p>&nbsp;<\/p>\n<p><\/p>","protected":false},"excerpt":{"rendered":"<p>Sorry, this entry is only available in French.<\/p>\n","protected":false},"author":1,"featured_media":0,"parent":0,"menu_order":0,"comment_status":"closed","ping_status":"closed","template":"","meta":{"footnotes":""},"yoast_head":"<!-- This site is optimized with the Yoast SEO plugin v27.4 - https:\/\/yoast.com\/product\/yoast-seo-wordpress\/ -->\n<title>\u00c0 Propos - Laman\u00e8re - Official Site of the Municipality<\/title>\n<meta name=\"robots\" content=\"index, follow, max-snippet:-1, max-image-preview:large, max-video-preview:-1\" \/>\n<link rel=\"canonical\" href=\"https:\/\/lamanere.fr\/a-propos\/\" \/>\n<meta property=\"og:locale\" content=\"en_US\" \/>\n<meta property=\"og:type\" content=\"article\" \/>\n<meta property=\"og:title\" content=\"\u00c0 Propos - Laman\u00e8re - Official Site of the Municipality\" \/>\n<meta property=\"og:description\" content=\"Sorry, this entry is only available in French.\" \/>\n<meta property=\"og:url\" content=\"https:\/\/lamanere.fr\/a-propos\/\" \/>\n<meta property=\"og:site_name\" content=\"Laman\u00e8re - Official Site of the Municipality\" \/>\n<meta property=\"article:publisher\" content=\"https:\/\/www.facebook.com\/lamanere\" \/>\n<meta property=\"article:modified_time\" content=\"2020-09-17T14:22:39+00:00\" \/>\n<meta property=\"og:image\" content=\"https:\/\/lamanere.fr\/wp-content\/uploads\/2020\/09\/a-propos-la-menera-150x150.jpg\" \/>\n<meta name=\"twitter:card\" content=\"summary_large_image\" \/>\n<meta name=\"twitter:label1\" content=\"Est. reading time\" \/>\n\t<meta name=\"twitter:data1\" content=\"2 minutes\" \/>\n<script type=\"application\/ld+json\" class=\"yoast-schema-graph\">{\"@context\":\"https:\\\/\\\/schema.org\",\"@graph\":[{\"@type\":\"WebPage\",\"@id\":\"https:\\\/\\\/lamanere.fr\\\/a-propos\\\/\",\"url\":\"https:\\\/\\\/lamanere.fr\\\/a-propos\\\/\",\"name\":\"\u00c0 Propos - Laman\u00e8re - Official Site of the Municipality\",\"isPartOf\":{\"@id\":\"https:\\\/\\\/lamanere.fr\\\/#website\"},\"primaryImageOfPage\":{\"@id\":\"https:\\\/\\\/lamanere.fr\\\/a-propos\\\/#primaryimage\"},\"image\":{\"@id\":\"https:\\\/\\\/lamanere.fr\\\/a-propos\\\/#primaryimage\"},\"thumbnailUrl\":\"https:\\\/\\\/lamanere.fr\\\/wp-content\\\/uploads\\\/2020\\\/09\\\/a-propos-la-menera-150x150.jpg\",\"datePublished\":\"2020-09-02T10:22:24+00:00\",\"dateModified\":\"2020-09-17T14:22:39+00:00\",\"breadcrumb\":{\"@id\":\"https:\\\/\\\/lamanere.fr\\\/a-propos\\\/#breadcrumb\"},\"inLanguage\":\"en-US\",\"potentialAction\":[{\"@type\":\"ReadAction\",\"target\":[\"https:\\\/\\\/lamanere.fr\\\/a-propos\\\/\"]}]},{\"@type\":\"ImageObject\",\"inLanguage\":\"en-US\",\"@id\":\"https:\\\/\\\/lamanere.fr\\\/a-propos\\\/#primaryimage\",\"url\":\"https:\\\/\\\/lamanere.fr\\\/wp-content\\\/uploads\\\/2020\\\/09\\\/a-propos-la-menera-150x150.jpg\",\"contentUrl\":\"https:\\\/\\\/lamanere.fr\\\/wp-content\\\/uploads\\\/2020\\\/09\\\/a-propos-la-menera-150x150.jpg\"},{\"@type\":\"BreadcrumbList\",\"@id\":\"https:\\\/\\\/lamanere.fr\\\/a-propos\\\/#breadcrumb\",\"itemListElement\":[{\"@type\":\"ListItem\",\"position\":1,\"name\":\"Accueil\",\"item\":\"https:\\\/\\\/lamanere.fr\\\/\"},{\"@type\":\"ListItem\",\"position\":2,\"name\":\"\u00c0 Propos\"}]},{\"@type\":\"WebSite\",\"@id\":\"https:\\\/\\\/lamanere.fr\\\/#website\",\"url\":\"https:\\\/\\\/lamanere.fr\\\/\",\"name\":\"Laman\u00e8re - Official Site of the Municipality\",\"description\":\"Southernmost village in mainland France\",\"publisher\":{\"@id\":\"https:\\\/\\\/lamanere.fr\\\/#organization\"},\"potentialAction\":[{\"@type\":\"SearchAction\",\"target\":{\"@type\":\"EntryPoint\",\"urlTemplate\":\"https:\\\/\\\/lamanere.fr\\\/?s={search_term_string}\"},\"query-input\":{\"@type\":\"PropertyValueSpecification\",\"valueRequired\":true,\"valueName\":\"search_term_string\"}}],\"inLanguage\":\"en-US\"},{\"@type\":\"Organization\",\"@id\":\"https:\\\/\\\/lamanere.fr\\\/#organization\",\"name\":\"Commune de Laman\u00e8re\",\"url\":\"https:\\\/\\\/lamanere.fr\\\/\",\"logo\":{\"@type\":\"ImageObject\",\"inLanguage\":\"en-US\",\"@id\":\"https:\\\/\\\/lamanere.fr\\\/#\\\/schema\\\/logo\\\/image\\\/\",\"url\":\"https:\\\/\\\/lamanere.fr\\\/wp-content\\\/uploads\\\/2020\\\/09\\\/logo2-149.jpg\",\"contentUrl\":\"https:\\\/\\\/lamanere.fr\\\/wp-content\\\/uploads\\\/2020\\\/09\\\/logo2-149.jpg\",\"width\":149,\"height\":146,\"caption\":\"Commune de Laman\u00e8re\"},\"image\":{\"@id\":\"https:\\\/\\\/lamanere.fr\\\/#\\\/schema\\\/logo\\\/image\\\/\"},\"sameAs\":[\"https:\\\/\\\/www.facebook.com\\\/lamanere\",\"https:\\\/\\\/fr.wikipedia.org\\\/wiki\\\/Laman\u00e8re\"]}]}<\/script>\n<!-- \/ Yoast SEO plugin. -->","yoast_head_json":{"title":"\u00c0 Propos - Laman\u00e8re - Official Site of the Municipality","robots":{"index":"index","follow":"follow","max-snippet":"max-snippet:-1","max-image-preview":"max-image-preview:large","max-video-preview":"max-video-preview:-1"},"canonical":"https:\/\/lamanere.fr\/a-propos\/","og_locale":"en_US","og_type":"article","og_title":"\u00c0 Propos - Laman\u00e8re - Official Site of the Municipality","og_description":"Sorry, this entry is only available in French.","og_url":"https:\/\/lamanere.fr\/a-propos\/","og_site_name":"Laman\u00e8re - Official Site of the Municipality","article_publisher":"https:\/\/www.facebook.com\/lamanere","article_modified_time":"2020-09-17T14:22:39+00:00","og_image":[{"url":"https:\/\/lamanere.fr\/wp-content\/uploads\/2020\/09\/a-propos-la-menera-150x150.jpg","type":"","width":"","height":""}],"twitter_card":"summary_large_image","twitter_misc":{"Est. reading time":"2 minutes"},"schema":{"@context":"https:\/\/schema.org","@graph":[{"@type":"WebPage","@id":"https:\/\/lamanere.fr\/a-propos\/","url":"https:\/\/lamanere.fr\/a-propos\/","name":"\u00c0 Propos - Laman\u00e8re - Official Site of the Municipality","isPartOf":{"@id":"https:\/\/lamanere.fr\/#website"},"primaryImageOfPage":{"@id":"https:\/\/lamanere.fr\/a-propos\/#primaryimage"},"image":{"@id":"https:\/\/lamanere.fr\/a-propos\/#primaryimage"},"thumbnailUrl":"https:\/\/lamanere.fr\/wp-content\/uploads\/2020\/09\/a-propos-la-menera-150x150.jpg","datePublished":"2020-09-02T10:22:24+00:00","dateModified":"2020-09-17T14:22:39+00:00","breadcrumb":{"@id":"https:\/\/lamanere.fr\/a-propos\/#breadcrumb"},"inLanguage":"en-US","potentialAction":[{"@type":"ReadAction","target":["https:\/\/lamanere.fr\/a-propos\/"]}]},{"@type":"ImageObject","inLanguage":"en-US","@id":"https:\/\/lamanere.fr\/a-propos\/#primaryimage","url":"https:\/\/lamanere.fr\/wp-content\/uploads\/2020\/09\/a-propos-la-menera-150x150.jpg","contentUrl":"https:\/\/lamanere.fr\/wp-content\/uploads\/2020\/09\/a-propos-la-menera-150x150.jpg"},{"@type":"BreadcrumbList","@id":"https:\/\/lamanere.fr\/a-propos\/#breadcrumb","itemListElement":[{"@type":"ListItem","position":1,"name":"Accueil","item":"https:\/\/lamanere.fr\/"},{"@type":"ListItem","position":2,"name":"\u00c0 Propos"}]},{"@type":"WebSite","@id":"https:\/\/lamanere.fr\/#website","url":"https:\/\/lamanere.fr\/","name":"Laman\u00e8re - Official Site of the Municipality","description":"Southernmost village in mainland France","publisher":{"@id":"https:\/\/lamanere.fr\/#organization"},"potentialAction":[{"@type":"SearchAction","target":{"@type":"EntryPoint","urlTemplate":"https:\/\/lamanere.fr\/?s={search_term_string}"},"query-input":{"@type":"PropertyValueSpecification","valueRequired":true,"valueName":"search_term_string"}}],"inLanguage":"en-US"},{"@type":"Organization","@id":"https:\/\/lamanere.fr\/#organization","name":"Commune de Laman\u00e8re","url":"https:\/\/lamanere.fr\/","logo":{"@type":"ImageObject","inLanguage":"en-US","@id":"https:\/\/lamanere.fr\/#\/schema\/logo\/image\/","url":"https:\/\/lamanere.fr\/wp-content\/uploads\/2020\/09\/logo2-149.jpg","contentUrl":"https:\/\/lamanere.fr\/wp-content\/uploads\/2020\/09\/logo2-149.jpg","width":149,"height":146,"caption":"Commune de Laman\u00e8re"},"image":{"@id":"https:\/\/lamanere.fr\/#\/schema\/logo\/image\/"},"sameAs":["https:\/\/www.facebook.com\/lamanere","https:\/\/fr.wikipedia.org\/wiki\/Laman\u00e8re"]}]}},"_links":{"self":[{"href":"https:\/\/lamanere.fr\/en\/wp-json\/wp\/v2\/pages\/168"}],"collection":[{"href":"https:\/\/lamanere.fr\/en\/wp-json\/wp\/v2\/pages"}],"about":[{"href":"https:\/\/lamanere.fr\/en\/wp-json\/wp\/v2\/types\/page"}],"author":[{"embeddable":true,"href":"https:\/\/lamanere.fr\/en\/wp-json\/wp\/v2\/users\/1"}],"replies":[{"embeddable":true,"href":"https:\/\/lamanere.fr\/en\/wp-json\/wp\/v2\/comments?post=168"}],"version-history":[{"count":17,"href":"https:\/\/lamanere.fr\/en\/wp-json\/wp\/v2\/pages\/168\/revisions"}],"predecessor-version":[{"id":705,"href":"https:\/\/lamanere.fr\/en\/wp-json\/wp\/v2\/pages\/168\/revisions\/705"}],"wp:attachment":[{"href":"https:\/\/lamanere.fr\/en\/wp-json\/wp\/v2\/media?parent=168"}],"curies":[{"name":"wp","href":"https:\/\/api.w.org\/{rel}","templated":true}]}}